{"id":45,"date":"2025-02-25T17:12:17","date_gmt":"2025-02-25T16:12:17","guid":{"rendered":"https:\/\/rhonevalleychaptervalence.com\/?page_id=45"},"modified":"2025-12-11T15:15:01","modified_gmt":"2025-12-11T14:15:01","slug":"home","status":"publish","type":"page","link":"https:\/\/rhonevalleychaptervalence.com\/","title":{"rendered":"HOME"},"content":{"rendered":"\n<figure class=\"wp-block-image size-large is-resized\"><img loading=\"lazy\" decoding=\"async\" width=\"1024\" height=\"875\" src=\"https:\/\/rhonevalleychaptervalence.com\/wp-content\/uploads\/2025\/02\/New-logo-RVC-2-1024x875.jpg\" alt=\"Rh\u00f4ne Valley Chapter\" class=\"wp-image-5\" style=\"width:296px;height:auto\" srcset=\"https:\/\/rhonevalleychaptervalence.com\/wp-content\/uploads\/2025\/02\/New-logo-RVC-2-1024x875.jpg 1024w, https:\/\/rhonevalleychaptervalence.com\/wp-content\/uploads\/2025\/02\/New-logo-RVC-2-300x256.jpg 300w, https:\/\/rhonevalleychaptervalence.com\/wp-content\/uploads\/2025\/02\/New-logo-RVC-2-768x657.jpg 768w, https:\/\/rhonevalleychaptervalence.com\/wp-content\/uploads\/2025\/02\/New-logo-RVC-2.jpg 1234w\" sizes=\"auto, (max-width: 1024px) 100vw, 1024px\" \/><\/figure>\n\n\n\n<blockquote class=\"wp-block-quote is-layout-flow wp-block-quote-is-layout-flow\">\n<p>LA DEVISE DU CHAPTER EST :<\/p>\n\n\n\n<p>\u00ab Respect, Convivialit\u00e9, Partage \u00bb<\/p>\n\n\n\n<p>\u00ab Rouler ensemble en toute s\u00e9curit\u00e9 et prendre du bon temps \u00bb.<\/p>\n\n\n\n<p>Cela suppose naturellement, que tout soit mis en oeuvre dans l\u2019organisation de nos activit\u00e9s, pour que les notions de plaisir, de libert\u00e9 et d\u2019absence de prise de t\u00eate, \u00e9voqu\u00e9es par cette devise, puissent s\u2019y exprimer au mieux pour chacun d\u2019entre nous.<\/p>\n\n\n\n<p>Dans le m\u00eame temps, il faut mesurer que nous sommes un groupe ouvert \u00e0 des participants de niveaux de conduite, d\u2019exp\u00e9riences, de temp\u00e9raments et mentalit\u00e9s tr\u00e8s diff\u00e9rents. Nos sorties en routes ouvertes, engendrent des situations potentiellement d\u00e9licates et risqu\u00e9es.<\/p>\n<\/blockquote>\n\n\n\n<p>Pr\u00e9sentation<\/p>\n\n\n\n<blockquote class=\"wp-block-quote is-layout-flow wp-block-quote-is-layout-flow\">\n<p>Nom : RHONE VALLEY CHAPTER<\/p>\n\n\n\n<p>ADRESSE : Le si\u00e8ge de l\u2019Association :<\/p>\n\n\n\n<p>3 bis avenue de villeneuve<\/p>\n\n\n\n<p>26200 MONTELIMAR<\/p>\n\n\n\n<p>Le Rh\u00f4ne Valley Chapter est un club de passionn\u00e9s Harley-Davidson affili\u00e9 au H.O.G., situ\u00e9 entre l\u2019Ard\u00e8che et la Dr\u00f4me. L\u2019association regroupe une cinquantaine de membres qui roulent r\u00e9guli\u00e8rement ensemble et participent \u00e0 la vie du Chapter.<\/p>\n\n\n\n<p>Nous organisons des sorties tout au long de l\u2019ann\u00e9e, des \u00e9v\u00e8nements internes, des week-ends et des participations aux rassemblements H.O.G. nationaux et europ\u00e9ens. Notre objectif : partager la passion Harley dans un cadre structur\u00e9 et convivial, avec un esprit d\u2019entraide propre au monde biker.<\/p>\n\n\n\n<p>Nos r\u00e9unions mensuelles ont lieu chaque 3\u1d49 jeudi du mois au restaurant Le Mermoz \u00e0 Chabeuil, \u00e0 c\u00f4t\u00e9 de l\u2019a\u00e9roport. Ce lieu est notre point de rassemblement actuel, apr\u00e8s avoir \u00e9t\u00e9 historiquement install\u00e9 \u00e0 Saint-Marcel-l\u00e8s-Valence.<\/p>\n\n\n\n<p>Ouvert \u00e0 tous les propri\u00e9taires Harley-Davidson, le Chapter accueille les nouveaux membres sans distinction d\u2019exp\u00e9rience. L\u2019essentiel est de rouler, de partager et de faire vivre la communaut\u00e9.<\/p>\n\n\n\n<p>Le groupe c\u2019est d\u2019abord une grande convivialit\u00e9, l\u2019ouverture, le partage \u2026<br><br>Suivez cette page pour nos sorties, photos et actualit\u00e9s, et contactez-nous si vous souhaitez nous rejoindre.<\/p>\n<\/blockquote>\n\n\n\n<p>Tout sur le RVC <\/p>\n\n\n\n<blockquote class=\"wp-block-quote is-layout-flow wp-block-quote-is-layout-flow\">\n<p>Nouveau monde, nouvelles r\u00e8gles.<\/p>\n\n\n\n<p>M\u00eame si nos motos sont un symbole de libert\u00e9 et que notre style de vie vise \u00e0 s\u2019affranchir de nombreuses contraintes quotidiennes, un minimum de r\u00e8gles a \u00e9t\u00e9 d\u00e9fini pour un fonctionnement harmonieux de notre Groupe.<\/p>\n\n\n\n<p>La \u00ab HOG attitude \u00bb est un h\u00e9ritage des valeurs motardes traditionnelles. Pas de politique, pas de business, du respect, de la solidarit\u00e9, de la tol\u00e9rance\u2026 et plus si affinit\u00e9. Concr\u00e8tement, c\u2019est partager ensemble notre passion pour les motos Harley-Davidson, le plaisir de routes et sites exceptionnels, les rencontres et toutes les exp\u00e9riences in\u00e9dites que procure toujours l\u2019arriv\u00e9e d\u2019un groupe important de Harley.<\/p>\n\n\n\n<p>C\u2019est aussi une mani\u00e8re particuli\u00e8re de rouler<\/p>\n\n\n\n<p>Sans esprit de performance ou de comp\u00e9tition, ensemble uniquement pour le plaisir, dans le respect des organisateurs b\u00e9n\u00e9voles et des autres usagers de la route.<\/p>\n\n\n\n<p>Pour la s\u00e9curit\u00e9 de chacun et du groupe tout entier<\/p>\n\n\n\n<p>Une organisation rigoureuse est n\u00e9cessaire impliquant des r\u00e8gles communes bien comprises. Chacun doit imp\u00e9rativement conna\u00eetre ces r\u00e8gles et les appliquer\u2026 Leur rappel rapide et non exhaustif est le seul objectif de ce petit opuscule.<\/p>\n<\/blockquote>\n\n\n\n<figure class=\"wp-block-image\"><img loading=\"lazy\" decoding=\"async\" width=\"960\" height=\"640\" src=\"https:\/\/rhonevalleychaptervalence.com\/wp-content\/uploads\/2025\/02\/image.jpeg\" alt=\"\" class=\"wp-image-49\" srcset=\"https:\/\/rhonevalleychaptervalence.com\/wp-content\/uploads\/2025\/02\/image.jpeg 960w, https:\/\/rhonevalleychaptervalence.com\/wp-content\/uploads\/2025\/02\/image-300x200.jpeg 300w, https:\/\/rhonevalleychaptervalence.com\/wp-content\/uploads\/2025\/02\/image-768x512.jpeg 768w\" sizes=\"auto, (max-width: 960px) 100vw, 960px\" \/><figcaption class=\"wp-element-caption\">\u00ab&nbsp;<a href=\"https:\/\/stocksnap.io\/photo\/harley-davidson-QCVWLCVRQX\" target=\"_blank\" rel=\"noreferrer noopener\">Harley Davidson<\/a>&nbsp;\u00bb par <a href=\"https:\/\/stocksnap.io\/author\/16\" target=\"_blank\" rel=\"noreferrer noopener\">Austin Neill<\/a>\/ <a href=\"https:\/\/creativecommons.org\/publicdomain\/zero\/1.0\/?ref=openverse\" target=\"_blank\" rel=\"noreferrer noopener\">CC0 1.0<\/a><\/figcaption><\/figure>\n\n\n\n<ul class=\"wp-block-list\">\n<li>Didier Director : <a href=\"mailto:directeur@gmail.com\">directeur@gmail.com<\/a><\/li>\n\n\n\n<li>Luc Assistant Director  : <a href=\"mailto:rvc.luc.assistantdirector@gmail.com\">rvc.luc.assistantdirector@gmail.com<\/a><\/li>\n\n\n\n<li>Jean Fran\u00e7ois Treasurer : <a href=\"mailto:rvc.jeanyves.tresorier@gmail.com\">jfmounier1959@gmail.com<\/a><\/li>\n\n\n\n<li>Alexandra Secretary : <a href=\"mailto:rvc.secretaire@gmail.com\">rvc.secretaire@gmail.com<\/a><\/li>\n<\/ul>\n\n\n\n<ul class=\"wp-block-social-links is-layout-flex wp-block-social-links-is-layout-flex\"><li class=\"wp-social-link wp-social-link-facebook  wp-block-social-link\"><a href=\"https:\/\/www.facebook.com\/RVC.HOG\/\" class=\"wp-block-social-link-anchor\"><svg width=\"24\" height=\"24\" viewBox=\"0 0 24 24\" version=\"1.1\" xmlns=\"http:\/\/www.w3.org\/2000\/svg\" aria-hidden=\"true\" focusable=\"false\"><path d=\"M12 2C6.5 2 2 6.5 2 12c0 5 3.7 9.1 8.4 9.9v-7H7.9V12h2.5V9.8c0-2.5 1.5-3.9 3.8-3.9 1.1 0 2.2.2 2.2.2v2.5h-1.3c-1.2 0-1.6.8-1.6 1.6V12h2.8l-.4 2.9h-2.3v7C18.3 21.1 22 17 22 12c0-5.5-4.5-10-10-10z\"><\/path><\/svg><span class=\"wp-block-social-link-label screen-reader-text\">Facebook<\/span><\/a><\/li>\n\n<li class=\"wp-social-link wp-social-link-wordpress  wp-block-social-link\"><a href=\"https:\/\/rhonevalleychaptervalence.com\/\" class=\"wp-block-social-link-anchor\"><svg width=\"24\" height=\"24\" viewBox=\"0 0 24 24\" version=\"1.1\" xmlns=\"http:\/\/www.w3.org\/2000\/svg\" aria-hidden=\"true\" focusable=\"false\"><path d=\"M12.158,12.786L9.46,20.625c0.806,0.237,1.657,0.366,2.54,0.366c1.047,0,2.051-0.181,2.986-0.51 c-0.024-0.038-0.046-0.079-0.065-0.124L12.158,12.786z M3.009,12c0,3.559,2.068,6.634,5.067,8.092L3.788,8.341 C3.289,9.459,3.009,10.696,3.009,12z M18.069,11.546c0-1.112-0.399-1.881-0.741-2.48c-0.456-0.741-0.883-1.368-0.883-2.109 c0-0.826,0.627-1.596,1.51-1.596c0.04,0,0.078,0.005,0.116,0.007C16.472,3.904,14.34,3.009,12,3.009 c-3.141,0-5.904,1.612-7.512,4.052c0.211,0.007,0.41,0.011,0.579,0.011c0.94,0,2.396-0.114,2.396-0.114 C7.947,6.93,8.004,7.642,7.52,7.699c0,0-0.487,0.057-1.029,0.085l3.274,9.739l1.968-5.901l-1.401-3.838 C9.848,7.756,9.389,7.699,9.389,7.699C8.904,7.67,8.961,6.93,9.446,6.958c0,0,1.484,0.114,2.368,0.114 c0.94,0,2.397-0.114,2.397-0.114c0.485-0.028,0.542,0.684,0.057,0.741c0,0-0.488,0.057-1.029,0.085l3.249,9.665l0.897-2.996 C17.841,13.284,18.069,12.316,18.069,11.546z M19.889,7.686c0.039,0.286,0.06,0.593,0.06,0.924c0,0.912-0.171,1.938-0.684,3.22 l-2.746,7.94c2.673-1.558,4.47-4.454,4.47-7.771C20.991,10.436,20.591,8.967,19.889,7.686z M12,22C6.486,22,2,17.514,2,12 C2,6.486,6.486,2,12,2c5.514,0,10,4.486,10,10C22,17.514,17.514,22,12,22z\"><\/path><\/svg><span class=\"wp-block-social-link-label screen-reader-text\">WordPress<\/span><\/a><\/li><\/ul>\n","protected":false},"excerpt":{"rendered":"<p>LA DEVISE DU CHAPTER EST : \u00ab Respect, Convivialit\u00e9, Partage \u00bb \u00ab Rouler ensemble en toute s\u00e9curit\u00e9 et prendre du bon temps \u00bb. Cela suppose naturellement, que tout soit mis en oeuvre dans l\u2019organisation de nos activit\u00e9s, pour que les notions de plaisir, de libert\u00e9 et d\u2019absence de prise de t\u00eate, \u00e9voqu\u00e9es par cette devise, [&hellip;]<\/p>\n","protected":false},"author":1,"featured_media":0,"parent":0,"menu_order":0,"comment_status":"closed","ping_status":"closed","template":"","meta":{"footnotes":""},"class_list":["post-45","page","type-page","status-publish","hentry"],"_links":{"self":[{"href":"https:\/\/rhonevalleychaptervalence.com\/index.php\/wp-json\/wp\/v2\/pages\/45","targetHints":{"allow":["GET"]}}],"collection":[{"href":"https:\/\/rhonevalleychaptervalence.com\/index.php\/wp-json\/wp\/v2\/pages"}],"about":[{"href":"https:\/\/rhonevalleychaptervalence.com\/index.php\/wp-json\/wp\/v2\/types\/page"}],"author":[{"embeddable":true,"href":"https:\/\/rhonevalleychaptervalence.com\/index.php\/wp-json\/wp\/v2\/users\/1"}],"replies":[{"embeddable":true,"href":"https:\/\/rhonevalleychaptervalence.com\/index.php\/wp-json\/wp\/v2\/comments?post=45"}],"version-history":[{"count":5,"href":"https:\/\/rhonevalleychaptervalence.com\/index.php\/wp-json\/wp\/v2\/pages\/45\/revisions"}],"predecessor-version":[{"id":60,"href":"https:\/\/rhonevalleychaptervalence.com\/index.php\/wp-json\/wp\/v2\/pages\/45\/revisions\/60"}],"wp:attachment":[{"href":"https:\/\/rhonevalleychaptervalence.com\/index.php\/wp-json\/wp\/v2\/media?parent=45"}],"curies":[{"name":"wp","href":"https:\/\/api.w.org\/{rel}","templated":true}]}}